{"id":194,"date":"2023-11-28T14:31:32","date_gmt":"2023-11-28T14:31:32","guid":{"rendered":"https:\/\/investescindubai.ro\/?page_id=194"},"modified":"2023-12-07T10:40:23","modified_gmt":"2023-12-07T10:40:23","slug":"oferte","status":"publish","type":"page","link":"https:\/\/investescindubai.ro\/?page_id=194","title":{"rendered":"Oferte"},"content":{"rendered":"\r\n<div id='Language_Switcher' class='widgets_on_page wop_tiny1  wop_small1  wop_medium1  wop_large1  wop_wide1'>\n\t\t\t<ul><li id=\"polylang-3\" class=\"widget widget_polylang\"><h2 class=\"widgettitle\">Language<\/h2><ul>\n\t<li class=\"lang-item lang-item-13 lang-item-en lang-item-first\"><a  lang=\"en-US\" hreflang=\"en-US\" href=\"https:\/\/investescindubai.ro\/?page_id=325&#038;lang=en\"><img loading=\"lazy\" decoding=\"async\" src=\"data:image\/png;base64,iVBORw0KGgoAAAANSUhEUgAAABAAAAALCAMAAABBPP0LAAAAmVBMVEViZsViZMJiYrf9gnL8eWrlYkjgYkjZYkj8\/PujwPybvPz4+PetraBEgfo+fvo3efkydfkqcvj8Y2T8UlL8Q0P8MzP9k4Hz8\/Lu7u4DdPj9\/VrKysI9fPoDc\/EAZ7z7IiLHYkjp6ekCcOTk5OIASbfY\/v21takAJrT5Dg6sYkjc3Nn94t2RkYD+y8KeYkjs\/v7l5fz0dF22YkjWvcOLAAAAgElEQVR4AR2KNULFQBgGZ5J13KGGKvc\/Cw1uPe62eb9+Jr1EUBFHSgxxjP2Eca6AfUSfVlUfBvm1Ui1bqafctqMndNkXpb01h5TLx4b6TIXgwOCHfjv+\/Pz+5vPRw7txGWT2h6yO0\/GaYltIp5PT1dEpLNPL\/SdWjYjAAZtvRPgHJX4Xio+DSrkAAAAASUVORK5CYII=\" alt=\"English\" width=\"16\" height=\"11\" style=\"width: 16px; height: 11px;\" \/><span style=\"margin-left:0.3em;\">English<\/span><\/a><\/li>\n<\/ul>\n<\/li><li id=\"polylang-4\" class=\"widget widget_polylang\"><ul>\n\t<li class=\"lang-item lang-item-10 lang-item-ro current-lang lang-item-first\"><a  lang=\"ro-RO\" hreflang=\"ro-RO\" href=\"https:\/\/investescindubai.ro\/?page_id=194\">Rom\u00e2n\u0103<\/a><\/li>\n\t<li class=\"lang-item lang-item-13 lang-item-en\"><a  lang=\"en-US\" hreflang=\"en-US\" href=\"https:\/\/investescindubai.ro\/?page_id=325&#038;lang=en\">English<\/a><\/li>\n<\/ul>\n<\/li><\/ul><\/div><!-- widgets_on_page -->\r\n\r\n\r\n\r\n<p>&nbsp;<\/p>\r\n\r\n\r\n\r\n<p class=\"has-text-align-center has-ti-bg-alt-background-color has-background\">E\u0219ti gata s\u0103 tr\u0103ie\u0219ti stilul de via\u021b\u0103 visat din Dubai? La DAMAC Properties, oferim vile de lux, apartamente pe malul apei \u00een Dubai Marina \u0219i camere de hotel inspirate de Hollywood, \u00een apropiere de zona Burj. Oportunit\u0103\u021bile noastre interesante de investi\u021bii garanteaz\u0103 randamente intre 6-10 % pentru proiectele selectate.<\/p>\r\n\r\n\r\n\r\n<p class=\"has-text-align-center has-ti-bg-alt-background-color has-background\">Selec\u021bie vast\u0103 de propriet\u0103\u021bi Pornind de la doar 191.000 USD:* Explora\u021bi o gam\u0103 larg\u0103 de op\u021biuni adaptate diferitelor preferin\u021be \u0219i bugete.<\/p>\r\n\r\n\r\n\r\n<p>&nbsp;<\/p>\r\n\r\n\r\n\r\n<p class=\"has-text-align-center\">\u00a0<\/p>\r\n\r\n\r\n<hr class=\"wp-block-separator has-alpha-channel-opacity\" \/>\r\n\r\n\r\n<h2 class=\"wp-block-heading has-text-align-center\">De ce oferte din portofoliul partenerului nostru Damac?<\/h2>\r\n\r\n\r\n<hr class=\"wp-block-separator has-alpha-channel-opacity\" \/>\r\n\r\n\r\n<div id=\"wp-block-themeisle-blocks-icon-list-a588fdad\" class=\"wp-block-themeisle-blocks-icon-list\">\r\n<div id=\"wp-block-themeisle-blocks-icon-list-item-9ea6215f\" class=\"wp-block-themeisle-blocks-icon-list-item\"><i class=\"fas fa-check wp-block-themeisle-blocks-icon-list-item-icon\"><\/i>\r\n<p class=\"wp-block-themeisle-blocks-icon-list-item-content\">Peste 46.000 de propriet\u0103\u021bi dezvoltate. Ave\u021bi \u00eencredere \u00een expertiza unui dezvoltator cu un istoric dovedit.<\/p>\r\n<\/div>\r\n\r\n\r\n\r\n<div id=\"wp-block-themeisle-blocks-icon-list-item-2b6c5b84\" class=\"wp-block-themeisle-blocks-icon-list-item\"><i class=\"fas fa-check wp-block-themeisle-blocks-icon-list-item-icon\"><\/i>\r\n<p class=\"wp-block-themeisle-blocks-icon-list-item-content\">Peste 33.000 de propriet\u0103\u021bi \u00een construc\u021bii \u0219i proiecte: martori ai inova\u021biei \u00een curs de desf\u0103\u0219urare cu numeroase proiecte care modeleaz\u0103 viitorul.<\/p>\r\n<\/div>\r\n\r\n\r\n\r\n<div id=\"wp-block-themeisle-blocks-icon-list-item-f3b779db\" class=\"wp-block-themeisle-blocks-icon-list-item\"><i class=\"fas fa-check wp-block-themeisle-blocks-icon-list-item-icon\"><\/i>\r\n<p class=\"wp-block-themeisle-blocks-icon-list-item-content\">Peste 100 de premii internationale<\/p>\r\n<\/div>\r\n<\/div>\r\n\r\n\r\n<hr class=\"wp-block-separator has-alpha-channel-opacity\" \/>\r\n\r\n\r\n<div class=\"wp-block-group has-global-padding is-layout-constrained wp-block-group-is-layout-constrained\">\r\n<div class=\"wp-block-group has-global-padding is-layout-constrained wp-block-group-is-layout-constrained\">\r\n<h4 class=\"wp-block-heading has-text-align-center\">Damac Lagoons Marocco<\/h4>\r\n\r\n\r\n\r\n<figure class=\"wp-block-gallery has-nested-images columns-default is-cropped wp-block-gallery-1 is-layout-flex wp-block-gallery-is-layout-flex\">\r\n<figure class=\"wp-block-image size-large\"><img loading=\"lazy\" decoding=\"async\" width=\"251\" height=\"201\" class=\"wp-image-341\" src=\"https:\/\/investescindubai.ro\/wp-content\/uploads\/2023\/12\/download-lagoons.jpeg\" alt=\"damac lagoons marocco \" \/><\/figure>\r\n\r\n\r\n\r\n<figure class=\"wp-block-image size-large\"><img loading=\"lazy\" decoding=\"async\" width=\"267\" height=\"189\" class=\"wp-image-342\" src=\"https:\/\/investescindubai.ro\/wp-content\/uploads\/2023\/12\/download-marocco.jpeg\" alt=\"damac lagoons marocco\" \/><\/figure>\r\n<\/figure>\r\n\r\n\r\n\r\n<p>Porne\u0219te \u00eentr-o c\u0103l\u0103torie mediteranean\u0103 \u0219i experimenteaz\u0103 farmecul nisipurilor \u00eensorite, al apelor calme, al str\u0103zilor pietruite \u0219i al vie\u021bii pe insul\u0103 la DAMAC Lagoons \u2013 cea mai a\u0219teptat\u0103 comunitate inspirat\u0103 de ap\u0103 din Dubai.<\/p>\r\n\r\n\r\n\r\n<p>Cu un amestec perfect de via\u021b\u0103 contemporan\u0103 \u0219i farmecul tradi\u021bional mediteranean, DAMAC Lagoons ofer\u0103 frumuse\u021bea lagunelor limpezi, a peisajelor luxuriante \u0219i a vibra\u021biilor senine \u0219i lini\u0219titoare.<\/p>\r\n\r\n\r\n\r\n<p>Sc\u0103pa\u021bi de agita\u021bia ora\u0219ului \u0219i descoperi\u021bi vile de lux care v\u0103 transport\u0103 pe t\u0103r\u00e2muri \u00eendep\u0103rtate unde fiecare zi se simte ca un vis.<\/p>\r\n\r\n\r\n\r\n<div data-wp-interactive=\"\" class=\"wp-block-file\"><object data-wp-bind--hidden=\"!selectors.core.file.hasPdfPreview\" hidden class=\"wp-block-file__embed\" style=\"width: 100%; height: 600px;\" data=\"https:\/\/investescindubai.ro\/wp-content\/uploads\/2023\/12\/LAGOONS-\u2013-MOROCCO-2-\u2013-Digital-Brochure-EN.pdf\" type=\"application\/pdf\" width=\"300\" height=\"150\" aria-label=\"\u00cenglobare pentru LAGOONS-\u2013-MOROCCO-2-\u2013-Digital-Brochure-EN.\"><\/object><a id=\"wp-block-file--media-7754c2a0-f63a-4ca0-9531-50b215699247\" href=\"https:\/\/investescindubai.ro\/wp-content\/uploads\/2023\/12\/LAGOONS-\u2013-MOROCCO-2-\u2013-Digital-Brochure-EN.pdf\">LAGOONS-\u2013-MOROCCO-2-\u2013-Digital-Brochure-EN<\/a><a class=\"wp-block-file__button wp-element-button\" href=\"https:\/\/investescindubai.ro\/wp-content\/uploads\/2023\/12\/LAGOONS-\u2013-MOROCCO-2-\u2013-Digital-Brochure-EN.pdf\" download=\"\" aria-describedby=\"wp-block-file--media-7754c2a0-f63a-4ca0-9531-50b215699247\">Download Brochure<\/a><\/div>\r\n\r\n\r\n\r\n<div class=\"wp-block-group has-global-padding is-layout-constrained wp-block-group-is-layout-constrained\">\r\n<div class=\"wp-block-group has-global-padding is-layout-constrained wp-block-group-is-layout-constrained\">\r\n<h4 class=\"wp-block-heading has-text-align-center\">\u00a0<strong>DAMAC BAY CAVALLI<\/strong><\/h4>\r\n\r\n\r\n\r\n<figure class=\"wp-block-gallery has-nested-images columns-default is-cropped wp-block-gallery-2 is-layout-flex wp-block-gallery-is-layout-flex\">\r\n<figure class=\"wp-block-image size-full\"><img loading=\"lazy\" decoding=\"async\" width=\"284\" height=\"177\" class=\"wp-image-352\" src=\"https:\/\/investescindubai.ro\/wp-content\/uploads\/2023\/12\/damac-bay-cavalli.jpeg\" alt=\"\" \/><\/figure>\r\n\r\n\r\n\r\n<figure class=\"wp-block-image size-full\"><img loading=\"lazy\" decoding=\"async\" width=\"281\" height=\"179\" class=\"wp-image-354\" src=\"https:\/\/investescindubai.ro\/wp-content\/uploads\/2023\/12\/damac-bay-cavalli-interior.jpeg\" alt=\"\" \/><\/figure>\r\n<\/figure>\r\n\r\n\r\n\r\n<p>DAMAC Bay nume\u0219te cartierul extraordinar de pe malul m\u0103rii, Dubai Harbour, casa sa. O loca\u021bie excelent\u0103 din mai multe puncte de vedere, Dubai Harbour serve\u0219te drept o poart\u0103 care ofer\u0103 o experien\u021b\u0103 maritim\u0103 de lux premium, vibrant\u0103 \u0219i cu mai multe fa\u021bete.<br \/>Un cartier pe malul m\u0103rii f\u0103r\u0103 compara\u021bie, Dubai Harbour a fost conceput pentru a reaprinde leg\u0103tura Dubaiului cu marea. G\u0103zduit\u0103 cu grij\u0103 \u0219i construit\u0103 special, destina\u021bia este destinat\u0103 s\u0103 ofere cea mai unic\u0103 ofert\u0103 de stil de via\u021b\u0103 din regiune, precum \u0219i s\u0103 serveasc\u0103 drept o poart\u0103 c\u0103tre o experien\u021b\u0103 de prim\u0103 clas\u0103, vibrant\u0103 \u0219i cu mai multe fa\u021bete pe malul m\u0103rii.<br \/>Perfect pozi\u021bionat la intersec\u021bia dintre emblematicele Palm Jumeirah \u0219i Bluewaters, Dubai Harbour este la echidistant de Aeroportul Interna\u021bional Dubai \u0219i Aeroportul Interna\u021bional Al Maktoum.<\/p>\r\n\r\n\r\n\r\n<p>Ca o manifestare a planific\u0103rii urbane mai ample din Dubai, dezvoltarea litoralului \u0219i strategiile turistice, Dubai Harbour g\u0103zduie\u0219te stiluri de via\u021b\u0103 maritime excep\u021bionale, precum \u0219i un grup de concepte de retail \u0219i ospitalitate, pe l\u00e2ng\u0103 facilit\u0103\u021bi complete de acostare.<\/p>\r\n\r\n\r\n\r\n<div data-wp-interactive=\"\" class=\"wp-block-file\"><object data-wp-bind--hidden=\"!selectors.core.file.hasPdfPreview\" hidden class=\"wp-block-file__embed\" style=\"width: 100%; height: 600px;\" data=\"https:\/\/investescindubai.ro\/wp-content\/uploads\/2023\/12\/Damac_Bay_DG_Brochure.pdf\" type=\"application\/pdf\" width=\"300\" height=\"150\" aria-label=\"\u00cenglobare pentru Damac_Bay_DG_Brochure.\"><\/object><a id=\"wp-block-file--media-7754c2a0-f63a-4ca0-9531-50b215699247\" href=\"https:\/\/investescindubai.ro\/wp-content\/uploads\/2023\/12\/Damac_Bay_DG_Brochure.pdf\">Damac_Bay_DG_Brochure<\/a><a class=\"wp-block-file__button wp-element-button\" href=\"https:\/\/investescindubai.ro\/wp-content\/uploads\/2023\/12\/Damac_Bay_DG_Brochure.pdf\" download=\"\" aria-describedby=\"wp-block-file--media-7754c2a0-f63a-4ca0-9531-50b215699247\">Download Brochure<\/a><\/div>\r\n<\/div>\r\n<\/div>\r\n<\/div>\r\n<\/div>\r\n\r\n\r\n<hr class=\"wp-block-separator has-alpha-channel-opacity\" \/>\r\n\r\n\r\n<div class=\"wp-block-group has-global-padding is-layout-constrained wp-block-group-is-layout-constrained\">\r\n<div class=\"wp-block-group has-global-padding is-layout-constrained wp-block-group-is-layout-constrained\">\r\n<h4 class=\"wp-block-heading has-text-align-center\">\u00a0<strong><strong>DAMAC Paramount Tower Hotel &amp; Residences Dubai<\/strong><\/strong><\/h4>\r\n\r\n\r\n\r\n<figure class=\"wp-block-gallery has-nested-images columns-default is-cropped wp-block-gallery-3 is-layout-flex wp-block-gallery-is-layout-flex\">\r\n<figure class=\"wp-block-image size-full\"><img loading=\"lazy\" decoding=\"async\" width=\"285\" height=\"177\" class=\"wp-image-363\" src=\"https:\/\/investescindubai.ro\/wp-content\/uploads\/2023\/12\/Paramount-Tower-Hotel-and-Residences.jpeg\" alt=\"invest in dubai paramont damac\" \/><\/figure>\r\n\r\n\r\n\r\n<figure class=\"wp-block-image size-full\"><img loading=\"lazy\" decoding=\"async\" width=\"259\" height=\"194\" class=\"wp-image-362\" src=\"https:\/\/investescindubai.ro\/wp-content\/uploads\/2023\/12\/damac-paramont.jpeg\" alt=\"invest in damac paramont\" \/><\/figure>\r\n<\/figure>\r\n\r\n\r\n\r\n<p>Un hotel de lux \u0219i un turn reziden\u021bial de l\u00e2ng\u0103 Sheikh Zayed Road, etajele 15 p\u00e2n\u0103 la 25 g\u0103zduiesc o selec\u021bie de camere de hotel de lux, inspirate de studioul de la Hollywood. O camer\u0103 de hotel aici reprezint\u0103 o investi\u021bie inteligent\u0103, complet gestionat\u0103 \u00een industria ospitalit\u0103\u021bii din Dubai.<\/p>\r\n\r\n\r\n\r\n<p>\u00centre timp, etajele 26 p\u00e2n\u0103 la 63 ofer\u0103 re\u0219edin\u021be de lux care combin\u0103 confortul de acas\u0103 cu facilit\u0103\u021bile \u0219i serviciile standard Paramount (dac\u0103 dori\u021bi). Spa\u021bioase generoase, apartamentele reziden\u021biale sunt culmea vie\u021bii la mod\u0103, dar confortabile, \u00eentr-o loca\u021bie spectaculoas\u0103.<\/p>\r\n\r\n\r\n\r\n<p>Facilit\u0103\u021bile bogate completeaz\u0103 experien\u021ba plin\u0103 de stele, completat\u0103 de piscina infinit\u0103 de pe acoperi\u0219, cu vederile sale panoramice magnifice.<\/p>\r\n\r\n\r\n\r\n<div data-wp-interactive=\"\" class=\"wp-block-file\"><object data-wp-bind--hidden=\"!selectors.core.file.hasPdfPreview\" hidden class=\"wp-block-file__embed\" style=\"width: 100%; height: 600px;\" data=\"https:\/\/investescindubai.ro\/wp-content\/uploads\/2023\/12\/damac-towers-by-paramount-hotels-resorts-dubai-en.pdf\" type=\"application\/pdf\" width=\"300\" height=\"150\" aria-label=\"\u00cenglobare pentru damac-towers-by-paramount-hotels-resorts-dubai-en.\"><\/object><a id=\"wp-block-file--media-7754c2a0-f63a-4ca0-9531-50b215699247\" href=\"https:\/\/investescindubai.ro\/wp-content\/uploads\/2023\/12\/damac-towers-by-paramount-hotels-resorts-dubai-en.pdf\">damac-towers-by-paramount-hotels-resorts-dubai-en<\/a><a class=\"wp-block-file__button wp-element-button\" href=\"https:\/\/investescindubai.ro\/wp-content\/uploads\/2023\/12\/damac-towers-by-paramount-hotels-resorts-dubai-en.pdf\" download=\"\" aria-describedby=\"wp-block-file--media-7754c2a0-f63a-4ca0-9531-50b215699247\">Download Brochure<\/a><\/div>\r\n\r\n\r\n<hr class=\"wp-block-separator has-alpha-channel-opacity\" \/>\r\n\r\n\r\n<div class=\"wp-block-group has-global-padding is-layout-constrained wp-block-group-is-layout-constrained\">\r\n<div class=\"wp-block-group has-global-padding is-layout-constrained wp-block-group-is-layout-constrained\">\r\n<h4 class=\"wp-block-heading has-text-align-center\">CANAL HEIGHTS<\/h4>\r\n\r\n\r\n\r\n<figure class=\"wp-block-gallery has-nested-images columns-default is-cropped wp-block-gallery-4 is-layout-flex wp-block-gallery-is-layout-flex\">\r\n<figure class=\"wp-block-image size-full\"><img loading=\"lazy\" decoding=\"async\" width=\"300\" height=\"212\" class=\"wp-image-366\" src=\"https:\/\/investescindubai.ro\/wp-content\/uploads\/2023\/12\/canal-heights-300x212-1.jpg\" alt=\"canal heights investesc in dubai\" \/><\/figure>\r\n\r\n\r\n\r\n<figure class=\"wp-block-image size-full\"><img loading=\"lazy\" decoding=\"async\" width=\"291\" height=\"173\" class=\"wp-image-367\" src=\"https:\/\/investescindubai.ro\/wp-content\/uploads\/2023\/12\/canal-hights-2.jpeg\" alt=\"canal heights investesc in dubai\" \/><\/figure>\r\n<\/figure>\r\n\r\n\r\n\r\n<p>Chic Tower a redefinit \u00eens\u0103\u0219i no\u021biunea de lux. \u0218i acum, preg\u0103ti\u021bi-v\u0103, pentru c\u0103 o nou\u0103 bijuterie a ap\u0103rut pe Canalul Dubai. Bine a\u021bi venit la DAMAC Canal Heights, marca de GRISOGONO, o experien\u021b\u0103 de via\u021b\u0103 luxoas\u0103 pe malul apei care \u00eentruchipeaz\u0103 frumuse\u021bea \u0219i perfec\u021biunea celei mai minunate crea\u021bii a naturii\u2026 perla albastr\u0103. DAMAC Canal Heights aduce elemente naturale la via\u021b\u0103 cu o gam\u0103 divers\u0103 de facilit\u0103\u021bi care promit lini\u0219te \u0219i bun\u0103stare pe tot parcursul anului. Aceast\u0103 proprietate uimitoare cuprinde o adev\u0103rat\u0103 bijuterie a vie\u021bii vibrante, cu domuri multifunc\u021bionale unice, care servesc drept coconuri de wellness, experien\u021be intime culinare \u0219i un spa\u021biu perfect pentru petreceri \u0219i \u00eentruniri private.<\/p>\r\n\r\n\r\n\r\n<p>Caracteristicile remarcabile ale apei, cum ar fi piscinele infinite \u0219i \u00een form\u0103 de scoici, precum \u0219i esen\u021ba perlei albastre, creeaz\u0103 o energie atemporal\u0103, curg\u0103toare \u00een \u00eentreaga proprietate, transform\u00e2nd-o \u00eentr-o alegere de via\u021b\u0103 cu mai multe fa\u021bete de experien\u021b\u0103 acas\u0103.<\/p>\r\n\r\n\r\n\r\n<p class=\"has-text-align-center\">\u00a0<\/p>\r\n\r\n\r\n\r\n<p class=\"has-text-align-center\">\u00a0<\/p>\r\n\r\n\r\n\r\n<div data-wp-interactive=\"\" class=\"wp-block-file\"><object data-wp-bind--hidden=\"!selectors.core.file.hasPdfPreview\" hidden class=\"wp-block-file__embed\" style=\"width: 100%; height: 600px;\" data=\"https:\/\/investescindubai.ro\/wp-content\/uploads\/2023\/12\/EN-CANAL_HEIGHTS_DIGITAL-Floor-plans-BROCHURE-V4.pdf\" type=\"application\/pdf\" width=\"300\" height=\"150\" aria-label=\"\u00cenglobare pentru EN-CANAL_HEIGHTS_DIGITAL-Floor-plans-BROCHURE-V4.\"><\/object><a id=\"wp-block-file--media-7754c2a0-f63a-4ca0-9531-50b215699247\" href=\"https:\/\/investescindubai.ro\/wp-content\/uploads\/2023\/12\/EN-CANAL_HEIGHTS_DIGITAL-Floor-plans-BROCHURE-V4.pdf\">EN-CANAL_HEIGHTS_DIGITAL-Floor-plans-BROCHURE-V4<\/a><a class=\"wp-block-file__button wp-element-button\" href=\"https:\/\/investescindubai.ro\/wp-content\/uploads\/2023\/12\/EN-CANAL_HEIGHTS_DIGITAL-Floor-plans-BROCHURE-V4.pdf\" download=\"\" aria-describedby=\"wp-block-file--media-7754c2a0-f63a-4ca0-9531-50b215699247\">Download Brochure<\/a><\/div>\r\n\r\n\r\n<hr class=\"wp-block-separator has-alpha-channel-opacity\" \/><\/div>\r\n<\/div>\r\n<\/div>\r\n<\/div>\r\n","protected":false},"excerpt":{"rendered":"<p>&nbsp; E\u0219ti gata s\u0103 tr\u0103ie\u0219ti stilul de via\u021b\u0103 visat din Dubai? La DAMAC Properties, oferim vile de lux, apartamente pe malul apei \u00een Dubai Marina \u0219i camere de hotel inspirate de Hollywood, \u00een apropiere de zona Burj. Oportunit\u0103\u021bile noastre interesante de investi\u021bii garanteaz\u0103 randamente intre 6-10 % pentru proiectele selectate. Selec\u021bie vast\u0103 de propriet\u0103\u021bi Pornind [&hellip;]<\/p>\n","protected":false},"author":1,"featured_media":0,"parent":0,"menu_order":0,"comment_status":"closed","ping_status":"closed","template":"","meta":{"om_disable_all_campaigns":false,"_monsterinsights_skip_tracking":false,"_monsterinsights_sitenote_active":false,"_monsterinsights_sitenote_note":"","_monsterinsights_sitenote_category":0,"_themeisle_gutenberg_block_has_review":false,"footnotes":""},"aioseo_notices":[],"_links":{"self":[{"href":"https:\/\/investescindubai.ro\/index.php?rest_route=\/wp\/v2\/pages\/194"}],"collection":[{"href":"https:\/\/investescindubai.ro\/index.php?rest_route=\/wp\/v2\/pages"}],"about":[{"href":"https:\/\/investescindubai.ro\/index.php?rest_route=\/wp\/v2\/types\/page"}],"author":[{"embeddable":true,"href":"https:\/\/investescindubai.ro\/index.php?rest_route=\/wp\/v2\/users\/1"}],"replies":[{"embeddable":true,"href":"https:\/\/investescindubai.ro\/index.php?rest_route=%2Fwp%2Fv2%2Fcomments&post=194"}],"version-history":[{"count":26,"href":"https:\/\/investescindubai.ro\/index.php?rest_route=\/wp\/v2\/pages\/194\/revisions"}],"predecessor-version":[{"id":493,"href":"https:\/\/investescindubai.ro\/index.php?rest_route=\/wp\/v2\/pages\/194\/revisions\/493"}],"wp:attachment":[{"href":"https:\/\/investescindubai.ro\/index.php?rest_route=%2Fwp%2Fv2%2Fmedia&parent=194"}],"curies":[{"name":"wp","href":"https:\/\/api.w.org\/{rel}","templated":true}]}}