{"id":506,"date":"2024-01-13T12:51:50","date_gmt":"2024-01-13T12:51:50","guid":{"rendered":"https:\/\/investescindubai.ro\/?page_id=506"},"modified":"2024-01-13T12:57:32","modified_gmt":"2024-01-13T12:57:32","slug":"blog","status":"publish","type":"page","link":"https:\/\/investescindubai.ro\/?page_id=506","title":{"rendered":"Blog"},"content":{"rendered":"<h1 style=\"text-align: center;\">Cum a evoluat pia\u021ba imobiliar\u0103<\/h1>\n<h1 style=\"text-align: center;\">din Dubai \u00een anul 2023<\/h1>\n<h3 style=\"text-align: center;\">\u00cen 2023, pia\u021ba imobiliar\u0103 din Dubai a \u00eenregistrat o cre\u0219tere impresionant\u0103 de 3.6%, marc\u00e2nd un an de referin\u021b\u0103 pentru dezvoltarea comercial\u0103.<\/h3>\n<div dir=\"auto\">\u00centr-o lume a schimb\u0103rilor rapide \u0219i a oportunit\u0103\u021bilor efervescente, Dubai continu\u0103 s\u0103 ofere investi\u021bii imobiliare profitabile, iar anul 2023 a fost martorul unei cre\u0219teri remarcabile de 3.6% \u00een acest domeniu. Ora\u0219ul impresionant, situat \u00een inima Emiratelor Arabe Unite, atrage investitori din \u00eentreaga lume datorit\u0103 unei combina\u021bii unice de inova\u021bie, stabilitate economic\u0103 \u0219i o calitate a vie\u021bii remarcabil\u0103.<\/div>\n<div dir=\"auto\"><\/div>\n<div dir=\"auto\">Oferind un climat favorabil afacerilor, infrastructur\u0103 de clas\u0103 mondial\u0103 \u0219i o comunitate cosmopolit\u0103, <strong>Dubai a devenit ora\u0219ul investitorilor care caut\u0103 randamente solide \u0219i stabilitate pe termen lung<\/strong>. Oportunit\u0103\u021bile de investi\u021bii \u00een sectoarele imobiliare \u0219i de construc\u021bii au contribuit nu doar la cre\u0219terea economic\u0103 a ora\u0219ului, ci \u0219i la diversificarea portofoliilor investitorilor, oferind un echilibru \u00eentre inova\u021bie \u0219i siguran\u021b\u0103 financiar\u0103.<\/div>\n<div dir=\"auto\"><\/div>\n<div dir=\"auto\">\u00centr-un peisaj economic global \u00een schimbare, Dubaiul r\u0103m\u00e2ne ancorat \u00eentr-o viziune de excelen\u021b\u0103 \u0219i inova\u021bie. Investi\u021biile \u00een aceast\u0103 metropol\u0103 \u00een continu\u0103 evolu\u021bie nu ofer\u0103 doar randamente substan\u021biale, ci \u0219i oportunitatea de a fi martor la transformarea unei metropole \u00eentr-un centru global de afaceri \u0219i cultur\u0103. Cu toate acestea, \u00eenainte de a p\u0103\u0219i \u00een lumea investi\u021biilor imobiliare din Dubai, s\u0103 arunc\u0103m o privire mai atent\u0103 la tendin\u021bele din 2023 care au contribuit la consolidarea statutului s\u0103u de hub interna\u021bional al investi\u021biilor.<\/div>\n<div dir=\"auto\"><\/div>\n<h3 dir=\"auto\" style=\"text-align: center;\">Cre\u0219tere semnificativ\u0103 de 38% fa\u021b\u0103 de anul precedent a num\u0103rului de tranzac\u021bii imobiliare<\/h3>\n<div dir=\"auto\"><\/div>\n<div dir=\"auto\">\n<div dir=\"auto\"><strong>Num\u0103rul tranzac\u021biilor imobiliare \u00eenregistrate a crescut la 133,134<\/strong>, \u00eenregistr\u00e2nd o <strong>cre\u0219tere semnificativ\u0103 de 38%<\/strong> fa\u021b\u0103 de anul precedent. Aceste cifre remarcabile demonstreaz\u0103 nu doar rezilien\u021ba, ci \u0219i expansiunea continu\u0103 a sectorului imobiliar din aceast\u0103 regiune.<\/div>\n<div dir=\"auto\"><\/div>\n<\/div>\n<div dir=\"auto\"><strong>V\u00e2nz\u0103rile de propriet\u0103\u021bi \u00een Dubai au atins un nou record anual de AED411.74 miliarde<\/strong>, marc\u00e2nd <strong>o cre\u0219tere remarcabil\u0103 de 56%<\/strong> fa\u021b\u0103 de anul anterior. Aceast\u0103 performan\u021b\u0103 impresionant\u0103 subliniaz\u0103 \u00eencrederea investitorilor \u00een pia\u021ba imobiliar\u0103 din Dubai \u0219i a consolidat ora\u0219ul ca destina\u021bie de top pentru investi\u021bii imobiliare.<\/div>\n<div dir=\"auto\">\n<div dir=\"auto\"><\/div>\n<div dir=\"auto\">Un aspect notabil al acestei cre\u0219teri a fost reprezentat de pia\u021ba off-plan \u00een Dubai, care a experimentat o cre\u0219tere remarcabil\u0103. \u00cen Dubai, <strong>tranzac\u021biile off-plan au \u00eenregistrat o cre\u0219tere spectaculoas\u0103 de 59.4%, ajung\u00e2nd la 68,783 \u00een 2023<\/strong>. Acest avans semnificativ a stabilit un nou record anual pentru pia\u021ba off-plan, subliniind apetitul cresc\u00e2nd pentru investi\u021bii \u00een proiecte aflate \u00een dezvoltare.<\/div>\n<div dir=\"auto\"><\/div>\n<\/div>\n<div dir=\"auto\">\n<div dir=\"auto\">Sectorul imobiliar \u0219i cel de construc\u021bii din Dubai au \u00eenregistrat rate de cre\u0219tere de 3.6% \u0219i, respectiv, 1.9% \u00een prima jum\u0103tate a anului 2023, reprezent\u00e2nd aproape 14.4% din PIB-ul total al ora\u0219ului pentru acel an, conform datelor furnizate de Dubai Statistics Center. Aceste procente reflect\u0103 nu doar expansiunea economic\u0103, ci \u0219i contribu\u021bia semnificativ\u0103 a industriei imobiliare la prosperitatea general\u0103 a Dubaiului.<\/div>\n<div dir=\"auto\"><\/div>\n<h3 dir=\"auto\" style=\"text-align: center;\">Zonele de top preferate de investitorii din Dubai \u00een 2023<\/h3>\n<div dir=\"auto\"><\/div>\n<div dir=\"auto\">Zonele de top pentru achizi\u021bii sau \u00eenchirieri de apartamente \u00een Dubai au inclus Dubai Marina, Downtown Dubai, Jumeirah Village Circle, Business Bay, Damac Bay Cavalli \u0219i Palm Jumeirah. Pentru vile, preferin\u021bele s-au \u00eendreptat c\u0103tre Damac Hills, Dubai Hills Estate, Palm Jumeirah, Arabian Ranches,\u00a0 Mohammed Bin Rashed, Al Barsha, Jumeirah \u0219i Damac Hills 2.<\/div>\n<\/div>\n<div dir=\"auto\"><\/div>\n<h3 dir=\"auto\" style=\"text-align: center;\">Tendin\u021be \u00een imobiliare Dubai pentru 2024<\/h3>\n<div dir=\"auto\">\n<div dir=\"auto\">Dup\u0103 un an vibrant \u00een 2023, \u00een care pia\u021ba imobiliar\u0103 din Dubai a \u00eenregistrat o cre\u0219tere semnificativ\u0103 \u0219i a stabilit noi recorduri, perspectivele pentru 2024 sunt promi\u021b\u0103toare \u0219i pline de optimism. Tendin\u021bele observate \u00een anul precedent indic\u0103 nu doar stabilitate, ci \u0219i o cre\u0219tere continu\u0103, consolid\u00e2nd statutul Dubaiului ca un pol global al investi\u021biilor imobiliare.<\/div>\n<div dir=\"auto\"><\/div>\n<div dir=\"auto\"><strong>Previziunile pentru 2024 indic\u0103 o continuare a acestei traiectorii ascendente<\/strong>. Se anticip\u0103 c\u0103 num\u0103rul tranzac\u021biilor imobiliare va continua s\u0103 creasc\u0103, alimentat de un apetit constant pentru investi\u021bii \u00een proiecte off-plan \u0219i existente. De asemenea, se preconizeaz\u0103 c\u0103 sectoarele imobiliare \u0219i de construc\u021bii vor r\u0103m\u00e2ne motorul economic al ora\u0219ului, contribuind semnificativ la PIB-ul Dubaiului.<\/div>\n<div dir=\"auto\"><\/div>\n<div dir=\"auto\">Un alt aspect remarcabil este diversificarea continu\u0103 a ofertelor de propriet\u0103\u021bi, aduc\u00e2nd \u00een prim-plan proiecte inovatoare \u0219i spa\u021bii reziden\u021biale care satisfac diverse nevoi \u0219i preferin\u021be. Aceast\u0103 adaptabilitate la cerin\u021bele \u00een schimbare ale pie\u021bei contribuie la men\u021binerea atractivit\u0103\u021bii Dubaiului ca destina\u021bie preferat\u0103 pentru investi\u021bii imobiliare.<\/div>\n<div dir=\"auto\"><\/div>\n<div dir=\"auto\">\u00cen concluzie, tendin\u021bele pozitive observate \u00een 2023 ofer\u0103 o baz\u0103 solid\u0103 pentru un an 2024 prosper \u00een pia\u021ba imobiliar\u0103 din Dubai.\u00a0 Cu o economie stabil\u0103, infrastructur\u0103 moderna \u0219i proiecte inovatoare \u00een desf\u0103\u0219urare, Dubaiul r\u0103m\u00e2ne o alegere atr\u0103g\u0103toare pentru cei care caut\u0103 s\u0103 investeasc\u0103 \u00een viitorul promi\u021b\u0103tor al industriei imobiliare. Astfel, anul 2024 se anun\u021b\u0103 a fi \u00eenc\u0103 un capitol vibrant \u00een evolu\u021bia continu\u0103 a pie\u021bei imobiliare din Dubai.<\/div>\n<\/div>\n<div dir=\"auto\">\n<div dir=\"auto\"><\/div>\n<\/div>\n","protected":false},"excerpt":{"rendered":"<p>Cum a evoluat pia\u021ba imobiliar\u0103 din Dubai \u00een anul 2023 \u00cen 2023, pia\u021ba imobiliar\u0103 din Dubai a \u00eenregistrat o cre\u0219tere impresionant\u0103 de 3.6%, marc\u00e2nd un an de referin\u021b\u0103 pentru dezvoltarea comercial\u0103. \u00centr-o lume a schimb\u0103rilor rapide \u0219i a oportunit\u0103\u021bilor efervescente, Dubai continu\u0103 s\u0103 ofere investi\u021bii imobiliare profitabile, iar anul 2023 a fost martorul unei cre\u0219teri [&hellip;]<\/p>\n","protected":false},"author":1,"featured_media":251,"parent":0,"menu_order":0,"comment_status":"closed","ping_status":"closed","template":"","meta":{"om_disable_all_campaigns":false,"_monsterinsights_skip_tracking":false,"_monsterinsights_sitenote_active":false,"_monsterinsights_sitenote_note":"","_monsterinsights_sitenote_category":0,"_themeisle_gutenberg_block_has_review":false,"footnotes":""},"aioseo_notices":[],"_links":{"self":[{"href":"https:\/\/investescindubai.ro\/index.php?rest_route=\/wp\/v2\/pages\/506"}],"collection":[{"href":"https:\/\/investescindubai.ro\/index.php?rest_route=\/wp\/v2\/pages"}],"about":[{"href":"https:\/\/investescindubai.ro\/index.php?rest_route=\/wp\/v2\/types\/page"}],"author":[{"embeddable":true,"href":"https:\/\/investescindubai.ro\/index.php?rest_route=\/wp\/v2\/users\/1"}],"replies":[{"embeddable":true,"href":"https:\/\/investescindubai.ro\/index.php?rest_route=%2Fwp%2Fv2%2Fcomments&post=506"}],"version-history":[{"count":6,"href":"https:\/\/investescindubai.ro\/index.php?rest_route=\/wp\/v2\/pages\/506\/revisions"}],"predecessor-version":[{"id":512,"href":"https:\/\/investescindubai.ro\/index.php?rest_route=\/wp\/v2\/pages\/506\/revisions\/512"}],"wp:featuredmedia":[{"embeddable":true,"href":"https:\/\/investescindubai.ro\/index.php?rest_route=\/wp\/v2\/media\/251"}],"wp:attachment":[{"href":"https:\/\/investescindubai.ro\/index.php?rest_route=%2Fwp%2Fv2%2Fmedia&parent=506"}],"curies":[{"name":"wp","href":"https:\/\/api.w.org\/{rel}","templated":true}]}}