{"id":523,"date":"2024-01-22T10:34:04","date_gmt":"2024-01-22T10:34:04","guid":{"rendered":"https:\/\/investescindubai.ro\/?page_id=523"},"modified":"2024-05-01T08:36:16","modified_gmt":"2024-05-01T08:36:16","slug":"webinar-investesc-in-dubai","status":"publish","type":"page","link":"https:\/\/investescindubai.ro\/?page_id=523","title":{"rendered":"Webinar investesc in Dubai"},"content":{"rendered":"<div id=\"sp-page\" class=\"spBgcover sp-content-1\" style=\"background-color: #ffffff; font-family: 'Helvetica Neue', Arial, sans-serif; font-weight: 400;\">\n<section id=\"sp-ks8a8s\" class=\"sp-el-section \" style=\"width: 100%; max-width: 100%; padding: 10px;\" data-mobile-visibility=\"#sp-ks8a8s|false\" data-desktop-visibility=\"#sp-ks8a8s|false\" data-mobile-css=\"\">\n<div id=\"sp-vw3kvy\" class=\"sp-el-row sm:sp-flex sp-w-full sp-m-auto sp-justify-between\" style=\"padding: 0px;\" data-mobile-visibility=\"#sp-vw3kvy|false\" data-desktop-visibility=\"#sp-vw3kvy|false\" data-mobile-css=\"\">\n<div id=\"sp-nyg2cc\" class=\"sp-el-col sp-w-full\" style=\"width: calc(100% + 0px);\" data-mobile-visibility=\"#sp-nyg2cc|false\" data-desktop-visibility=\"#sp-nyg2cc|false\" data-mobile-css=\"\">\n<figure id=\"sp-mao5ov\" class=\"sp-image-wrapper sp-el-block\" style=\"margin: 0px; text-align: center;\" data-mobile-css=\"#sp-mao5ov|text-align:center;\">\n<div><img loading=\"lazy\" decoding=\"async\" class=\"sp-image-block-mao5ov\" style=\"width: 2240px;\" src=\"\/\/investescindubai.ro\/wp-content\/uploads\/2024\/01\/Cum-sa.png\" srcset=\" \/\/investescindubai.ro\/wp-content\/uploads\/2024\/01\/Cum-sa-150x150.png 150w, \/\/investescindubai.ro\/wp-content\/uploads\/2024\/01\/Cum-sa-300x169.png 300w, \/\/investescindubai.ro\/wp-content\/uploads\/2024\/01\/Cum-sa-1024x576.png 1024w, \/\/investescindubai.ro\/wp-content\/uploads\/2024\/01\/Cum-sa.png 2240w\" alt=\"cum investesti in Dubai\" width=\"2240\" height=\"1260\" data-mobile-visibility=\".sp-image-block-mao5ov|false\" data-desktop-visibility=\".sp-image-block-mao5ov|false\" \/><\/div>\n<\/figure>\n<\/div>\n<\/div>\n<\/section>\n<section id=\"sp-yxi415\" class=\"sp-el-section \" style=\"width: 100%; max-width: 100%;\" data-mobile-visibility=\"#sp-yxi415|false\" data-desktop-visibility=\"#sp-yxi415|false\" data-mobile-css=\"\">\n<div id=\"sp-gpbjhi\" class=\"sp-el-row sm:sp-flex sp-w-full sp-m-auto sp-justify-between\" data-mobile-visibility=\"#sp-gpbjhi|false\" data-desktop-visibility=\"#sp-gpbjhi|false\" data-mobile-css=\"\">\n<div id=\"sp-yide8j\" class=\"sp-el-col sp-w-full\" style=\"width: calc(100% + 0px);\" data-mobile-visibility=\"#sp-yide8j|false\" data-desktop-visibility=\"#sp-yide8j|false\" data-mobile-css=\"\">\n<h1 id=\"sp-woq23n\" class=\"sp-css-target sp-el-block sp-headline-block-woq23n sp-type-header\" style=\"font-weight: bold; font-family: Montserrat; text-shadow: rgba(0, 0, 0, 0.5) 1px 1px 0px; text-align: center; margin: 0px;\" data-mobile-css=\".sp-headline-block-woq23n, #sp-woq23n, #woq23n|text-align:center;\" data-mobile-visibility=\".sp-headline-block-woq23n|false\" data-desktop-visibility=\".sp-headline-block-woq23n|false\">\u00censcrie-te gratuit la urm\u0103torul webinar din 14.05.2024 de la ora 19.00 ca s\u0103 descoperi cum:<\/h1>\n<\/div>\n<\/div>\n<\/section>\n<section id=\"sp-t05r4h\" class=\"sp-el-section \" style=\"background-color: #fb8c00; width: 100%; max-width: 100%;\" data-mobile-visibility=\"#sp-t05r4h|false\" data-desktop-visibility=\"#sp-t05r4h|false\" data-mobile-css=\"\">\n<div id=\"sp-fdodh6\" class=\"sp-el-row sm:sp-flex sp-w-full sp-m-auto sp-justify-between\" data-mobile-visibility=\"#sp-fdodh6|false\" data-desktop-visibility=\"#sp-fdodh6|false\" data-mobile-css=\"\">\n<div id=\"sp-zr32vr\" class=\"sp-el-col sp-w-full\" style=\"width: calc(100% + 0px);\" data-mobile-visibility=\"#sp-zr32vr|false\" data-desktop-visibility=\"#sp-zr32vr|false\" data-mobile-css=\"\">\n<div id=\"sp-n53kx9\" class=\"sp-css-target sp-text-wrapper sp-el-block sp-text-block-style sp-text-wrapper-n53kx9\" style=\"margin: 0px; text-align: left;\" data-mobile-css=\".sp-text-wrapper-n53kx9, #sp-n53kx9, #n53kx9|text-align:left;\" data-mobile-visibility=\".sp-text-wrapper-n53kx9|false\" data-desktop-visibility=\".sp-text-wrapper-n53kx9|false\">\n<p><strong>Cum i\u021bi protejezi banii de infla\u021bie \u00een mod sigur <\/strong><\/p>\n<p><strong>Ce randamente ofer\u0103 investi\u021biile imobiliare \u00een Dubai <\/strong><\/p>\n<p><strong>Care sunt avantaje fiscale \u0219i de impozitare \u00een imobiliare Dubai<\/strong><\/p>\n<p><strong> Evolu\u021bia pie\u021bei imobiliare din Dubai \u00een 2023<\/strong><\/p>\n<p><strong> Perspectivele pentru 2024 \u00een domeniul imobiliar \u00een Dubai <\/strong><\/p>\n<p><strong>Cum te poate ajuta Investec\u00eenDubai.ro s\u0103 fac investi\u021biile sigure \u0219i profitabile<\/strong><\/p>\n<\/div>\n<\/div>\n<\/div>\n<\/section>\n<section id=\"sp-r7yq43\" class=\"sp-el-section \" style=\"background-color: #ffffff; width: 100%; max-width: 100%;\" data-mobile-visibility=\"#sp-r7yq43|false\" data-desktop-visibility=\"#sp-r7yq43|false\" data-mobile-css=\"\">\n<div id=\"sp-tuc5ev\" class=\"sp-el-row sm:sp-flex sp-w-full sp-m-auto sp-justify-between\" data-mobile-visibility=\"#sp-tuc5ev|false\" data-desktop-visibility=\"#sp-tuc5ev|false\" data-mobile-css=\"\">\n<div id=\"sp-mmrps7\" class=\"sp-el-col sp-w-full\" style=\"width: calc(100% + 0px);\" data-mobile-visibility=\"#sp-mmrps7|false\" data-desktop-visibility=\"#sp-mmrps7|false\" data-mobile-css=\"\">\n<div id=\"sp-zg6dfr\" class=\"sp-divider-wrapper sp-flex sp-el-block sp-divider-block-zg6dfr\" style=\"margin: 0px; justify-content: center; padding: 10px 0px;\" data-mobile-visibility=\".sp-divider-block-zg6dfr|false\" data-desktop-visibility=\".sp-divider-block-zg6dfr|false\" data-mobile-css=\"#sp-zg6dfr .sp-divider-text-block .sp-divider-text, #sp-zg6dfr|justify-content:center;padding:10px 0px 10px 0px ;\">\n<style type=\"text\/css\">\n    #sp-zg6dfr .sp-divider-separator::after , #sp-zg6dfr .sp-divider-separator::before  {content:\"\"}<br \/>\n    #sp-zg6dfr .sp-divider .sp-divider-separator::after , #sp-zg6dfr .sp-divider .sp-divider-separator::before {display:block;border-top:1px solid #000000}<br \/>\n    #sp-zg6dfr .sp-divider .sp-divider-text-block .sp-divider-text<br \/>\n    {color:#000000}<br \/>\n    #sp-zg6dfr .sp-divider .sp-divider-text-block.sp-divider-icon-block<br \/>\n    {color:#000000}<br \/>\n  <\/style>\n<div class=\"sp-divider sp-flex\" style=\"width: 90%; border-top: 1px solid #000000;\"><\/div>\n<\/div>\n<div id=\"sp-ta9xmu\" class=\"sp-form-wrapper sp-el-block sp-has-form sp-form-block-ta9xmu\" style=\"margin: 0px; text-align: left;\" data-mobile-css=\"\" data-mobile-visibility=\".sp-form-block-ta9xmu|false\" data-desktop-visibility=\".sp-form-block-ta9xmu|false\">\n<div>\n<div class=\"\"><div class=\"wpforms-container wpforms-container-full wpforms-render-modern\" id=\"wpforms-10\"><form id=\"wpforms-form-10\" class=\"wpforms-validate wpforms-form wpforms-ajax-form\" data-formid=\"10\" method=\"post\" enctype=\"multipart\/form-data\" action=\"\/index.php?rest_route=%2Fwp%2Fv2%2Fpages%2F523\" data-token=\"32f23e675ed9a687da752737b0703797\"><noscript class=\"wpforms-error-noscript\">Please enable JavaScript in your browser to complete this form.<\/noscript><div class=\"wpforms-hidden\" id=\"wpforms-error-noscript\">Please enable JavaScript in your browser to complete this form.<\/div><div class=\"wpforms-field-container\"><div id=\"wpforms-10-field_0-container\" class=\"wpforms-field wpforms-field-name\" data-field-id=\"0\"><fieldset><legend class=\"wpforms-field-label\">Nume <span class=\"wpforms-required-label\" aria-hidden=\"true\">*<\/span><\/legend><div class=\"wpforms-field-row wpforms-field-medium\"><div class=\"wpforms-field-row-block wpforms-first wpforms-one-half\"><input type=\"text\" id=\"wpforms-10-field_0\" class=\"wpforms-field-name-first wpforms-field-required\" name=\"wpforms[fields][0][first]\" aria-errormessage=\"wpforms-10-field_0-error\" required><label for=\"wpforms-10-field_0\" class=\"wpforms-field-sublabel after \">First<\/label><\/div><div class=\"wpforms-field-row-block wpforms-one-half\"><input type=\"text\" id=\"wpforms-10-field_0-last\" class=\"wpforms-field-name-last wpforms-field-required\" name=\"wpforms[fields][0][last]\" aria-errormessage=\"wpforms-10-field_0-last-error\" required><label for=\"wpforms-10-field_0-last\" class=\"wpforms-field-sublabel after \">Last<\/label><\/div><\/div><\/fieldset><\/div><div id=\"wpforms-10-field_3-container\" class=\"wpforms-field wpforms-field-number\" data-field-id=\"3\"><label class=\"wpforms-field-label\" for=\"wpforms-10-field_3\">Telefon<\/label><input type=\"number\" pattern=\"\\d*\" id=\"wpforms-10-field_3\" class=\"wpforms-field-medium\" name=\"wpforms[fields][3]\" aria-errormessage=\"wpforms-10-field_3-error\" ><\/div><div id=\"wpforms-10-field_1-container\" class=\"wpforms-field wpforms-field-email\" data-field-id=\"1\"><label class=\"wpforms-field-label\" for=\"wpforms-10-field_1\">Email <span class=\"wpforms-required-label\" aria-hidden=\"true\">*<\/span><\/label><input type=\"email\" id=\"wpforms-10-field_1\" class=\"wpforms-field-medium wpforms-field-required\" name=\"wpforms[fields][1]\" spellcheck=\"false\" aria-errormessage=\"wpforms-10-field_1-error\" required><\/div><div id=\"wpforms-10-field_2-container\" class=\"wpforms-field wpforms-field-textarea\" data-field-id=\"2\"><label class=\"wpforms-field-label\" for=\"wpforms-10-field_2\">Scrie-ne daca doresti sa te contactam pentru o consultanta gratuita sau sa participi la urmatorul webinar<\/label><textarea id=\"wpforms-10-field_2\" class=\"wpforms-field-medium\" name=\"wpforms[fields][2]\" aria-errormessage=\"wpforms-10-field_2-error\" ><\/textarea><\/div><\/div><!-- .wpforms-field-container --><div class=\"wpforms-submit-container\" ><input type=\"hidden\" name=\"wpforms[id]\" value=\"10\"><input type=\"hidden\" name=\"wpforms[author]\" value=\"1\"><button type=\"submit\" name=\"wpforms[submit]\" id=\"wpforms-submit-10\" class=\"wpforms-submit\" data-alt-text=\"Sending...\" data-submit-text=\"Submit\" aria-live=\"assertive\" value=\"wpforms-submit\">Submit<\/button><img loading=\"lazy\" decoding=\"async\" src=\"https:\/\/investescindubai.ro\/wp-content\/plugins\/wpforms-lite\/assets\/images\/submit-spin.svg\" class=\"wpforms-submit-spinner\" style=\"display: none;\" width=\"26\" height=\"26\" alt=\"Loading\"><\/div><\/form><\/div>  <!-- .wpforms-container --><\/div>\n<\/div>\n<\/div>\n<div id=\"sp-bmoybi\" class=\"sp-divider-wrapper sp-flex sp-el-block sp-divider-block-bmoybi\" style=\"margin: 0px; justify-content: center; padding: 10px 0px;\" data-mobile-visibility=\".sp-divider-block-bmoybi|false\" data-desktop-visibility=\".sp-divider-block-bmoybi|false\" data-mobile-css=\"#sp-bmoybi .sp-divider-text-block .sp-divider-text, #sp-bmoybi|justify-content:center;padding:10px 0px 10px 0px ;\">\n<style type=\"text\/css\">\n    #sp-bmoybi .sp-divider-separator::after , #sp-bmoybi .sp-divider-separator::before  {content:\"\"}<br \/>\n    #sp-bmoybi .sp-divider .sp-divider-separator::after , #sp-bmoybi .sp-divider .sp-divider-separator::before {display:block;border-top:1px solid #fb8c00}<br \/>\n    #sp-bmoybi .sp-divider .sp-divider-text-block .sp-divider-text<br \/>\n    {color:#fb8c00}<br \/>\n    #sp-bmoybi .sp-divider .sp-divider-text-block.sp-divider-icon-block<br \/>\n    {color:#fb8c00}<br \/>\n  <\/style>\n<div class=\"sp-divider sp-flex\" style=\"width: 90%; border-top: 1px solid #fb8c00;\"><\/div>\n<\/div>\n<figure id=\"sp-f7ztrl\" class=\"sp-image-wrapper sp-el-block\" style=\"margin: 0px; text-align: center;\" data-mobile-css=\"#sp-f7ztrl|text-align:center;\">\n<div><img loading=\"lazy\" decoding=\"async\" class=\"sp-image-block-f7ztrl\" style=\"width: 2240px;\" src=\"\/\/investescindubai.ro\/wp-content\/uploads\/2024\/01\/Cum-sa-1.png\" srcset=\" \/\/investescindubai.ro\/wp-content\/uploads\/2024\/01\/Cum-sa-1-150x150.png 150w, \/\/investescindubai.ro\/wp-content\/uploads\/2024\/01\/Cum-sa-1-300x169.png 300w, \/\/investescindubai.ro\/wp-content\/uploads\/2024\/01\/Cum-sa-1-1024x576.png 1024w, \/\/investescindubai.ro\/wp-content\/uploads\/2024\/01\/Cum-sa-1.png 2240w\" alt=\"de ce sa participi la webinar investesc in Dubai\" width=\"2240\" height=\"1260\" data-mobile-visibility=\".sp-image-block-f7ztrl|false\" data-desktop-visibility=\".sp-image-block-f7ztrl|false\" \/><\/div>\n<\/figure>\n<\/div>\n<\/div>\n<\/section>\n<section id=\"sp-llyi2a\" class=\"sp-el-section \" style=\"background-color: #cccccc; width: 100%; max-width: 100%;\" data-mobile-visibility=\"#sp-llyi2a|false\" data-desktop-visibility=\"#sp-llyi2a|false\" data-mobile-css=\"\">\n<div id=\"sp-rdj79f\" class=\"sp-el-row sm:sp-flex sp-w-full sp-m-auto sp-justify-between\" data-mobile-visibility=\"#sp-rdj79f|false\" data-desktop-visibility=\"#sp-rdj79f|false\" data-mobile-css=\"\">\n<div id=\"sp-inpqhm\" class=\"sp-el-col sp-w-full\" style=\"width: calc(100% + 0px);\" data-mobile-visibility=\"#sp-inpqhm|false\" data-desktop-visibility=\"#sp-inpqhm|false\" data-mobile-css=\"\">\n<h2 id=\"sp-s40d2c\" class=\"sp-css-target sp-el-block sp-headline-block-s40d2c sp-type-header\" style=\"text-align: center; margin: 0px;\" data-mobile-css=\".sp-headline-block-s40d2c, #sp-s40d2c, #s40d2c|text-align:center;\" data-mobile-visibility=\".sp-headline-block-s40d2c|false\" data-desktop-visibility=\".sp-headline-block-s40d2c|false\">De ce ar trebui s\u0103 v\u0103 al\u0103tura\u021bi webinarului nostru din 14.05.2024<\/h2>\n<div id=\"sp-vvkabf\" class=\"sp-css-target sp-text-wrapper sp-el-block sp-text-block-style sp-text-wrapper-vvkabf\" style=\"margin: 0px; text-align: left;\" data-mobile-css=\".sp-text-wrapper-vvkabf, #sp-vvkabf, #vvkabf|text-align:left;\" data-mobile-visibility=\".sp-text-wrapper-vvkabf|false\" data-desktop-visibility=\".sp-text-wrapper-vvkabf|false\">\n<p>Poate a\u021bi auzit c\u0103 pia\u021ba imobiliar\u0103 din Dubai ofer\u0103 oportunit\u0103\u021bi mari de investi\u021bii \u2013 randamente mari ale chiriei, vize pentru investitori, dezvolt\u0103ri profitabile&#8230;<\/p>\n<p>Exper\u021bii no\u0219tri \u00een domeniul propriet\u0103\u021bii de la InvestescinDubai.ro organizeaz\u0103 un webinar complex despre sectorul imobiliar din emirat \u0219i am dori s\u0103 v\u0103 invit\u0103m s\u0103 face\u021bi parte din conversa\u021bie.<\/p>\n<p>Poate c\u0103 sunte\u021bi un investitor care dore\u0219te s\u0103 fac\u0103 urm\u0103toarea mi\u0219care sau poate vre\u021bi doar c\u00e2teva informa\u021bii suplimentare \u00eenainte de a v\u0103 decide asupra c\u0103l\u0103toriei de investitor in emirate.<\/p>\n<p>Oricare ar fi cazul, v\u0103 putem r\u0103spunde la \u00eentreb\u0103ri \u0219i v\u0103 putem ajuta s\u0103 lua\u021bi decizii \u00een cuno\u0219tin\u021b\u0103 de cauz\u0103.<\/p>\n<\/div>\n<div id=\"sp-i8tkrd\" class=\"sp-spacer\" style=\"height: 60px;\" data-mobile-css=\"#sp-i8tkrd|height:10px;\"><\/div>\n<div id=\"sp-vmqtq5\" class=\"sp-divider-wrapper sp-flex sp-el-block sp-divider-block-vmqtq5\" style=\"margin: 0px; justify-content: center; padding: 10px 0px;\" data-mobile-visibility=\".sp-divider-block-vmqtq5|false\" data-desktop-visibility=\".sp-divider-block-vmqtq5|false\" data-mobile-css=\"#sp-vmqtq5 .sp-divider-text-block .sp-divider-text, #sp-vmqtq5|justify-content:center;padding:10px 0px 10px 0px ;\">\n<style type=\"text\/css\">\n    #sp-vmqtq5 .sp-divider-separator::after , #sp-vmqtq5 .sp-divider-separator::before  {content:\"\"}<br \/>\n    #sp-vmqtq5 .sp-divider .sp-divider-separator::after , #sp-vmqtq5 .sp-divider .sp-divider-separator::before {display:block;border-top:1px solid #000000}<br \/>\n    #sp-vmqtq5 .sp-divider .sp-divider-text-block .sp-divider-text<br \/>\n    {color:#000000}<br \/>\n    #sp-vmqtq5 .sp-divider .sp-divider-text-block.sp-divider-icon-block<br \/>\n    {color:#000000}<br \/>\n  <\/style>\n<div class=\"sp-divider sp-flex\" style=\"width: 90%; border-top: 1px solid #000000;\"><\/div>\n<\/div>\n<div id=\"sp-button-parent-cotulp\" class=\"sp-button-wrapper sp-el-block\" style=\"margin: 0px; text-align: center;\" data-mobile-css=\"#sp-button-parent-cotulp|text-align:center;\"><a id=\"sp-cotulp\" class=\"sp-button sp-css-target sp-text-center sp-inline-block sp-leading-none sp-button-cotulp\" style=\"font-size: 22px; background: #fb8c00; color: #ffffff; width: auto; padding: 16px 20px;\" href=\"https:\/\/investescindubai.ro\/?page_id=222\" target=\"\" rel=\"noopener\" data-mobile-css=\"\" data-mobile-visibility=\".sp-button-cotulp|false\" data-desktop-visibility=\".sp-button-cotulp|false\">Participa la webinar<\/a><\/div>\n<div id=\"sp-z3nxd3\" class=\"sp-divider-wrapper sp-flex sp-el-block sp-divider-block-z3nxd3\" style=\"margin: 0px; justify-content: center; padding: 10px 0px;\" data-mobile-visibility=\".sp-divider-block-z3nxd3|false\" data-desktop-visibility=\".sp-divider-block-z3nxd3|false\" data-mobile-css=\"#sp-z3nxd3 .sp-divider-text-block .sp-divider-text, #sp-z3nxd3|justify-content:center;padding:10px 0px 10px 0px ;\">\n<style type=\"text\/css\">\n    #sp-z3nxd3 .sp-divider-separator::after , #sp-z3nxd3 .sp-divider-separator::before  {content:\"\"}<br \/>\n    #sp-z3nxd3 .sp-divider .sp-divider-separator::after , #sp-z3nxd3 .sp-divider .sp-divider-separator::before {display:block;border-top:1px solid #000000}<br \/>\n    #sp-z3nxd3 .sp-divider .sp-divider-text-block .sp-divider-text<br \/>\n    {color:#000000}<br \/>\n    #sp-z3nxd3 .sp-divider .sp-divider-text-block.sp-divider-icon-block<br \/>\n    {color:#000000}<br \/>\n  <\/style>\n<div class=\"sp-divider sp-flex\" style=\"width: 90%; border-top: 1px solid #000000;\"><\/div>\n<\/div>\n<div id=\"sp-rpfsg1\" class=\"sp-spacer\" style=\"height: 60px;\" data-mobile-css=\"#sp-rpfsg1|height:10px;\"><\/div>\n<div id=\"sp-zzhot2\" class=\"sp-css-target sp-text-wrapper sp-el-block sp-text-block-style sp-text-wrapper-zzhot2\" style=\"margin: 0px; text-align: left;\" data-mobile-css=\".sp-text-wrapper-zzhot2, #sp-zzhot2, #zzhot2|text-align:left;\" data-mobile-visibility=\".sp-text-wrapper-zzhot2|false\" data-desktop-visibility=\".sp-text-wrapper-zzhot2|false\">\n<p>Poten\u021bialul de cre\u0219tere al valorii propriet\u0103\u021bilor \u00een Dubai este sus\u021binut de o cerere continu\u0103 \u0219i \u00een cre\u0219tere pentru spa\u021bii reziden\u021biale \u0219i comerciale. O economie \u00een dezvoltare constant\u0103 \u0219i proiecte majore precum Expo 2020 contribuie la atragerea unor investi\u021bii profitabile \u00een sectorul imobiliar.<\/p>\n<p>Cu reguli clare \u0219i transparente \u00een sectorul imobiliar, Dubaiul ofer\u0103 \u00eencredere investitorilor. Acest cadru reglementar bine definit asigur\u0103 protec\u021bia drepturilor de proprietate \u0219i stimuleaz\u0103 dezvoltarea sustenabil\u0103 a pie\u021bei imobiliare, lucru important pentru cei care investesc \u00een Dubai.<\/p>\n<p>Guvernul din Dubai ofer\u0103 diverse facilit\u0103\u021bi fiscale pentru a atrage investitori str\u0103ini. Aceste avantaje includ, printre altele, scutiri de impozit pe profit \u0219i taxe reduse, cre\u00e2nd un climat propice pentru investi\u021bii pe termen lung \u00een propriet\u0103\u021bi.<\/p>\n<\/div>\n<\/div>\n<\/div>\n<\/section>\n<section id=\"sp-mzrxpf\" class=\"sp-el-section \" style=\"background-color: #fb8c00; width: 100%; max-width: 100%;\" data-mobile-visibility=\"#sp-mzrxpf|false\" data-desktop-visibility=\"#sp-mzrxpf|false\" data-mobile-css=\"\">\n<div id=\"sp-wqe7no\" class=\"sp-el-row sm:sp-flex sp-w-full sp-m-auto sp-justify-between\" data-mobile-visibility=\"#sp-wqe7no|false\" data-desktop-visibility=\"#sp-wqe7no|false\" data-mobile-css=\"\">\n<div id=\"sp-x63gva\" class=\"sp-el-col sp-w-full\" style=\"width: calc(100% + 0px);\" data-mobile-visibility=\"#sp-x63gva|false\" data-desktop-visibility=\"#sp-x63gva|false\" data-mobile-css=\"\">\n<div id=\"sp-mtg977\" class=\"sp-spacer\" style=\"height: 60px;\" data-mobile-css=\"#sp-mtg977|height:10px;\"><\/div>\n<div id=\"sp-lmbh4m\" class=\"sp-form-wrapper sp-el-block sp-has-form sp-form-block-lmbh4m\" style=\"margin: 0px; text-align: left;\" data-mobile-css=\"\" data-mobile-visibility=\".sp-form-block-lmbh4m|false\" data-desktop-visibility=\".sp-form-block-lmbh4m|false\">\n<div>\n<div class=\"\"><div class=\"wpforms-container wpforms-container-full wpforms-render-modern\" id=\"wpforms-533\"><form id=\"wpforms-form-533\" class=\"wpforms-validate wpforms-form wpforms-ajax-form\" data-formid=\"533\" method=\"post\" enctype=\"multipart\/form-data\" action=\"\/index.php?rest_route=%2Fwp%2Fv2%2Fpages%2F523\" data-token=\"d36dfcaaa69a394cc664e354cba6bf9d\"><noscript class=\"wpforms-error-noscript\">Please enable JavaScript in your browser to complete this form.<\/noscript><div class=\"wpforms-hidden\" id=\"wpforms-error-noscript\">Please enable JavaScript in your browser to complete this form.<\/div><div class=\"wpforms-field-container\"><div id=\"wpforms-533-field_1-container\" class=\"wpforms-field wpforms-field-name\" data-field-id=\"1\"><fieldset><legend class=\"wpforms-field-label\">Name <span class=\"wpforms-required-label\" aria-hidden=\"true\">*<\/span><\/legend><div class=\"wpforms-field-row wpforms-field-medium\"><div class=\"wpforms-field-row-block wpforms-first wpforms-one-half\"><input type=\"text\" id=\"wpforms-533-field_1\" class=\"wpforms-field-name-first wpforms-field-required\" name=\"wpforms[fields][1][first]\" aria-errormessage=\"wpforms-533-field_1-error\" required><label for=\"wpforms-533-field_1\" class=\"wpforms-field-sublabel after \">First<\/label><\/div><div class=\"wpforms-field-row-block wpforms-one-half\"><input type=\"text\" id=\"wpforms-533-field_1-last\" class=\"wpforms-field-name-last wpforms-field-required\" name=\"wpforms[fields][1][last]\" aria-errormessage=\"wpforms-533-field_1-last-error\" required><label for=\"wpforms-533-field_1-last\" class=\"wpforms-field-sublabel after \">Last<\/label><\/div><\/div><\/fieldset><\/div><div id=\"wpforms-533-field_2-container\" class=\"wpforms-field wpforms-field-email\" data-field-id=\"2\"><label class=\"wpforms-field-label\" for=\"wpforms-533-field_2\">Email <span class=\"wpforms-required-label\" aria-hidden=\"true\">*<\/span><\/label><input type=\"email\" id=\"wpforms-533-field_2\" class=\"wpforms-field-medium wpforms-field-required\" name=\"wpforms[fields][2]\" spellcheck=\"false\" aria-errormessage=\"wpforms-533-field_2-error\" required><\/div><\/div><!-- .wpforms-field-container --><div class=\"wpforms-submit-container\" ><input type=\"hidden\" name=\"wpforms[id]\" value=\"533\"><input type=\"hidden\" name=\"wpforms[author]\" value=\"1\"><button type=\"submit\" name=\"wpforms[submit]\" id=\"wpforms-submit-533\" class=\"wpforms-submit\" data-alt-text=\"Se trimite\" data-submit-text=\"Ma inregistrez\" aria-live=\"assertive\" value=\"wpforms-submit\">Ma inregistrez<\/button><img loading=\"lazy\" decoding=\"async\" src=\"https:\/\/investescindubai.ro\/wp-content\/plugins\/wpforms-lite\/assets\/images\/submit-spin.svg\" class=\"wpforms-submit-spinner\" style=\"display: none;\" width=\"26\" height=\"26\" alt=\"Loading\"><\/div><\/form><\/div>  <!-- .wpforms-container --><\/div>\n<\/div>\n<\/div>\n<\/div>\n<\/div>\n<\/section>\n<section id=\"sp-dl43c2\" class=\"sp-el-section \" style=\"width: 100%; max-width: 100%;\" data-mobile-visibility=\"#sp-dl43c2|false\" data-desktop-visibility=\"#sp-dl43c2|false\" data-mobile-css=\"\">\n<div id=\"sp-l0m99x\" class=\"sp-el-row sm:sp-flex sp-w-full sp-m-auto sp-justify-between\" data-mobile-visibility=\"#sp-l0m99x|false\" data-desktop-visibility=\"#sp-l0m99x|false\" data-mobile-css=\"\">\n<div id=\"sp-drdfv0\" class=\"sp-el-col sp-w-full\" style=\"width: calc(100% + 0px);\" data-mobile-visibility=\"#sp-drdfv0|false\" data-desktop-visibility=\"#sp-drdfv0|false\" data-mobile-css=\"\">\n<div id=\"sp-button-parent-ewkwjv\" class=\"sp-button-wrapper sp-el-block\" style=\"margin: 0px; text-align: center;\" data-mobile-css=\"#sp-button-parent-ewkwjv|text-align:center;\"><a id=\"sp-ewkwjv\" class=\"sp-button sp-css-target sp-text-center sp-inline-block sp-leading-none sp-button-ewkwjv\" style=\"font-size: 22px; background: #000000; color: #ffffff; width: auto; padding: 16px 20px;\" href=\"https:\/\/investescindubai.ro\/\" target=\"\" rel=\"noopener\" data-mobile-css=\"\" data-mobile-visibility=\".sp-button-ewkwjv|false\" data-desktop-visibility=\".sp-button-ewkwjv|false\">Afla mai multe despre noi aici<\/a><\/div>\n<div id=\"sp-ens4gc\" class=\"sp-spacer\" style=\"height: 60px;\" data-mobile-css=\"#sp-ens4gc|height:10px;\"><\/div>\n<\/div>\n<\/div>\n<\/section>\n<\/div>\n","protected":false},"excerpt":{"rendered":"<p>\u00censcrie-te gratuit la urm\u0103torul webinar din 14.05.2024 de la ora 19.00 ca s\u0103 descoperi cum: Cum i\u021bi protejezi banii de infla\u021bie \u00een mod sigur Ce randamente ofer\u0103 investi\u021biile imobiliare \u00een Dubai Care sunt avantaje fiscale \u0219i de impozitare \u00een imobiliare Dubai Evolu\u021bia pie\u021bei imobiliare din Dubai \u00een 2023 Perspectivele pentru 2024 \u00een domeniul imobiliar \u00een [&hellip;]<\/p>\n","protected":false},"author":1,"featured_media":0,"parent":0,"menu_order":0,"comment_status":"closed","ping_status":"closed","template":"","meta":{"om_disable_all_campaigns":false,"_monsterinsights_skip_tracking":false,"_monsterinsights_sitenote_active":false,"_monsterinsights_sitenote_note":"","_monsterinsights_sitenote_category":0,"_themeisle_gutenberg_block_has_review":false,"footnotes":""},"aioseo_notices":[],"_links":{"self":[{"href":"https:\/\/investescindubai.ro\/index.php?rest_route=\/wp\/v2\/pages\/523"}],"collection":[{"href":"https:\/\/investescindubai.ro\/index.php?rest_route=\/wp\/v2\/pages"}],"about":[{"href":"https:\/\/investescindubai.ro\/index.php?rest_route=\/wp\/v2\/types\/page"}],"author":[{"embeddable":true,"href":"https:\/\/investescindubai.ro\/index.php?rest_route=\/wp\/v2\/users\/1"}],"replies":[{"embeddable":true,"href":"https:\/\/investescindubai.ro\/index.php?rest_route=%2Fwp%2Fv2%2Fcomments&post=523"}],"version-history":[{"count":24,"href":"https:\/\/investescindubai.ro\/index.php?rest_route=\/wp\/v2\/pages\/523\/revisions"}],"predecessor-version":[{"id":597,"href":"https:\/\/investescindubai.ro\/index.php?rest_route=\/wp\/v2\/pages\/523\/revisions\/597"}],"wp:attachment":[{"href":"https:\/\/investescindubai.ro\/index.php?rest_route=%2Fwp%2Fv2%2Fmedia&parent=523"}],"curies":[{"name":"wp","href":"https:\/\/api.w.org\/{rel}","templated":true}]}}